{"id":136,"date":"2018-04-12T13:14:40","date_gmt":"2018-04-12T12:14:40","guid":{"rendered":"https:\/\/tsv-gerberau.de\/?page_id=136"},"modified":"2023-08-09T16:53:08","modified_gmt":"2023-08-09T14:53:08","slug":"abteilung-turnen-2","status":"publish","type":"page","link":"https:\/\/tsv-gerberau.de\/index.php\/abteilung-turnen-2\/","title":{"rendered":"Abteilung Turnen"},"content":{"rendered":"\n<p><strong>Gesamtleitung Turnen: <\/strong><\/p>\n\n\n\n<p><strong>Dieter Herrmann Tel. 089\/81885622 <\/strong><\/p>\n\n\n\n<p><strong>Mail: <a href=\"mailto:dieter.herrmann2@gmx.de\" target=\"_blank\" rel=\"noopener\">dieter.herrmann2@gmx.de<\/a><br>\n<\/strong><\/p>\n\n\n\n<p>Die Veranstaltungen finden w\u00f6chentlich in der Grundschule an der Schulstra\u00dfe 8, in 85757 Karlsfeld statt.<\/p>\n\n\n\n<p>Die Grundschule verf\u00fcgt \u00fcber eine kleine und eine gro\u00dfe Turnhalle.<\/p>\n\n\n\n<p>Die Hallenbelegungen korrelieren mit dem Schuljahr<\/p>\n\n\n\n<p>Zugang zu den Turnhallen \u00fcber den n\u00f6rdlichen Parkplatz bzw. \u00fcber den Pfarrer-K\u00f6bl-Weg und den Schulhof. Von dem neuen Schulgeb\u00e4ude gibt es derzeit keinen direkten Weg in die Hallen.<\/p>\n\n\n\n<p><span style=\"color: #f2ed52;\"><strong>Dienstag unter der Leitung von Dieter Herrmann:<\/strong><\/span><\/p>\n\n\n\n<p>Kleine Halle: 19:00 &#8211; 20:00 Uhr Turnen M\u00e4nner &amp; Frauen (Rythmische Gymnastik &#8211; Aerobic)<\/p>\n\n\n\n<p><span style=\"color: #f2ed52;\"><strong>Mittwoch unter der Leitung von Lyuba de Groot (0151\/67327973) \/ Cara Walch (0176\/53672157):<\/strong><\/span><\/p>\n\n\n\n<p>Gro\u00dfe Halle: 19:00 &#8211; 20:00 Uhr Turnen Frauen I (Gymnastik f\u00fcr Wirbels\u00e4ule und Becken)<\/p>\n\n\n\n<p>Gro\u00dfe Halle: 20:00 &#8211; 21:00 Uhr Turnen Frauen II (Wellnessgymnastik, flottes R\u00fcckentraining, Pilates)<\/p>\n\n\n\n<p><span style=\"color: #f2ed52;\"><strong>Donnerstag unter der Leitung von R\u00fcdiger Preisker Tel. (0171\/2108336) und Annemarie Schubert (0170\/2888481):<\/strong><\/span><\/p>\n\n\n\n<p>Gro\u00dfe Halle: 16:30 &#8211; 17:15 Uhr Turnen Kinder<\/p>\n\n\n\n<p>Gro\u00dfe Halle: 17:15 &#8211; 18:15 Uhr Turnen Sch\u00fcler<\/p>\n","protected":false},"excerpt":{"rendered":"<p>Gesamtleitung Turnen: Dieter Herrmann Tel. 089\/81885622 Mail: dieter.herrmann2@gmx.de Die Veranstaltungen finden w\u00f6chentlich in der Grundschule an der Schulstra\u00dfe 8, in 85757 Karlsfeld statt. Die Grundschule verf\u00fcgt \u00fcber eine kleine und eine gro\u00dfe Turnhalle. Die Hallenbelegungen korrelieren mit dem Schuljahr Zugang zu den Turnhallen \u00fcber den n\u00f6rdlichen Parkplatz bzw. \u00fcber den Pfarrer-K\u00f6bl-Weg und den Schulhof. Von [&hellip;]<\/p>\n","protected":false},"author":2,"featured_media":0,"parent":0,"menu_order":4,"comment_status":"closed","ping_status":"closed","template":"","meta":{"footnotes":""},"class_list":["post-136","page","type-page","status-publish","hentry"],"_links":{"self":[{"href":"https:\/\/tsv-gerberau.de\/index.php\/wp-json\/wp\/v2\/pages\/136","targetHints":{"allow":["GET"]}}],"collection":[{"href":"https:\/\/tsv-gerberau.de\/index.php\/wp-json\/wp\/v2\/pages"}],"about":[{"href":"https:\/\/tsv-gerberau.de\/index.php\/wp-json\/wp\/v2\/types\/page"}],"author":[{"embeddable":true,"href":"https:\/\/tsv-gerberau.de\/index.php\/wp-json\/wp\/v2\/users\/2"}],"replies":[{"embeddable":true,"href":"https:\/\/tsv-gerberau.de\/index.php\/wp-json\/wp\/v2\/comments?post=136"}],"version-history":[{"count":12,"href":"https:\/\/tsv-gerberau.de\/index.php\/wp-json\/wp\/v2\/pages\/136\/revisions"}],"predecessor-version":[{"id":2298,"href":"https:\/\/tsv-gerberau.de\/index.php\/wp-json\/wp\/v2\/pages\/136\/revisions\/2298"}],"wp:attachment":[{"href":"https:\/\/tsv-gerberau.de\/index.php\/wp-json\/wp\/v2\/media?parent=136"}],"curies":[{"name":"wp","href":"https:\/\/api.w.org\/{rel}","templated":true}]}}