{"id":1312,"date":"2019-01-31T10:32:30","date_gmt":"2019-01-31T09:32:30","guid":{"rendered":"https:\/\/tsv-gerberau.de\/?page_id=1312"},"modified":"2026-01-23T18:24:27","modified_gmt":"2026-01-23T16:24:27","slug":"turnen","status":"publish","type":"page","link":"https:\/\/tsv-gerberau.de\/index.php\/abteilung-turnen-2\/turnen\/","title":{"rendered":"Turnen"},"content":{"rendered":"\n<p><strong>Abteilungsleitung Turnen:<\/strong><\/p>\n\n\n\n<div class=\"wp-block-group\"><div class=\"wp-block-group__inner-container is-layout-constrained wp-block-group-is-layout-constrained\">\n<div class=\"wp-block-group is-vertical is-layout-flex wp-container-core-group-is-layout-1 wp-block-group-is-layout-flex\">\n<p><strong>Dieter Herrmann <\/strong><\/p>\n\n\n\n<p><strong>Tel. 089\/81885622<\/strong><\/p>\n\n\n\n<p><strong>Mail:&nbsp;<a href=\"mailto:dieter.herrmann2@gmx.de\" target=\"_blank\" rel=\"noreferrer noopener\">dieter.herrmann2@gmx.de<\/a><br><\/strong><\/p>\n<\/div>\n<\/div><\/div>\n\n\n\n<p>Die \u00dcbungseinheiten finden w\u00f6chentlich in der Grundschule an der Schulstra\u00dfe 8, in 85757 Karlsfeld statt.<\/p>\n\n\n\n<hr class=\"wp-block-separator has-css-opacity is-style-default\"\/>\n\n\n\n<p class=\"has-very-dark-gray-color has-text-color has-background\" style=\"background-color:#f2ed52\"><strong>Gymnastik (Frauen\/M\u00e4nner) <\/strong><br><br><strong>Dienstag<\/strong><br>19:00&nbsp;&#8211;&nbsp;20:00&nbsp;Uhr<strong>&nbsp; <\/strong><br>&#8211;  kleine Halle   <\/p>\n\n\n\n<p class=\"has-very-dark-gray-color has-text-color has-background\" style=\"background-color:#f2ed52\"><strong>Gymnastik (Frauen) <\/strong> <br><br><strong>Mittwoch<\/strong><br>1. Kurs 19:00\u00a0&#8211;\u00a020:00\u00a0Uhr<strong> <\/strong><br>2. Kurs 20:00 &#8211; 21:00 Uhr<br>&#8211; gro\u00dfe Halle <br><\/p>\n\n\n\n<p class=\"has-very-dark-gray-color has-text-color has-background\" style=\"background-color:#f2ed52\"><strong>Kontakt:<\/strong>                                                                                                                                                               <br>Lyuba de Groot, Tel: 0151\/67327973, Email: degootl753@gmail.com<br>Julia Zimmermann, Email: ammerseejules@googlemail.com<\/p>\n\n\n\n<hr class=\"wp-block-separator has-css-opacity is-style-default\"\/>\n\n\n\n<figure class=\"wp-block-gallery has-nested-images columns-default is-cropped wp-block-gallery-1 is-layout-flex wp-block-gallery-is-layout-flex\">\n<figure class=\"wp-block-image size-large\"><img loading=\"lazy\" decoding=\"async\" width=\"1024\" height=\"645\" data-id=\"1405\" src=\"https:\/\/tsv-gerberau.de\/wp-content\/uploads\/2019\/02\/IMG-20190214-WA0004-1024x645.jpg\" alt=\"\" class=\"wp-image-1405\" srcset=\"https:\/\/tsv-gerberau.de\/wp-content\/uploads\/2019\/02\/IMG-20190214-WA0004-1024x645.jpg 1024w, https:\/\/tsv-gerberau.de\/wp-content\/uploads\/2019\/02\/IMG-20190214-WA0004-300x189.jpg 300w, https:\/\/tsv-gerberau.de\/wp-content\/uploads\/2019\/02\/IMG-20190214-WA0004-768x484.jpg 768w, https:\/\/tsv-gerberau.de\/wp-content\/uploads\/2019\/02\/IMG-20190214-WA0004-128x81.jpg 128w, https:\/\/tsv-gerberau.de\/wp-content\/uploads\/2019\/02\/IMG-20190214-WA0004-32x20.jpg 32w, https:\/\/tsv-gerberau.de\/wp-content\/uploads\/2019\/02\/IMG-20190214-WA0004-2x1.jpg 2w, https:\/\/tsv-gerberau.de\/wp-content\/uploads\/2019\/02\/IMG-20190214-WA0004.jpg 1600w\" sizes=\"auto, (max-width: 1024px) 100vw, 1024px\" \/><\/figure>\n\n\n\n<figure class=\"wp-block-image size-large\"><img loading=\"lazy\" decoding=\"async\" width=\"1024\" height=\"617\" data-id=\"1406\" src=\"https:\/\/tsv-gerberau.de\/wp-content\/uploads\/2019\/02\/IMG-20190214-WA0008-1024x617.jpg\" alt=\"\" class=\"wp-image-1406\" srcset=\"https:\/\/tsv-gerberau.de\/wp-content\/uploads\/2019\/02\/IMG-20190214-WA0008-1024x617.jpg 1024w, https:\/\/tsv-gerberau.de\/wp-content\/uploads\/2019\/02\/IMG-20190214-WA0008-300x181.jpg 300w, https:\/\/tsv-gerberau.de\/wp-content\/uploads\/2019\/02\/IMG-20190214-WA0008-768x463.jpg 768w, https:\/\/tsv-gerberau.de\/wp-content\/uploads\/2019\/02\/IMG-20190214-WA0008-128x77.jpg 128w, https:\/\/tsv-gerberau.de\/wp-content\/uploads\/2019\/02\/IMG-20190214-WA0008-32x19.jpg 32w, https:\/\/tsv-gerberau.de\/wp-content\/uploads\/2019\/02\/IMG-20190214-WA0008-2x1.jpg 2w, https:\/\/tsv-gerberau.de\/wp-content\/uploads\/2019\/02\/IMG-20190214-WA0008.jpg 1600w\" sizes=\"auto, (max-width: 1024px) 100vw, 1024px\" \/><\/figure>\n\n\n\n<figure class=\"wp-block-image size-large\"><img loading=\"lazy\" decoding=\"async\" width=\"1024\" height=\"576\" data-id=\"1407\" src=\"https:\/\/tsv-gerberau.de\/wp-content\/uploads\/2019\/02\/IMG-20190214-WA0011-1024x576.jpg\" alt=\"\" class=\"wp-image-1407\" srcset=\"https:\/\/tsv-gerberau.de\/wp-content\/uploads\/2019\/02\/IMG-20190214-WA0011-1024x576.jpg 1024w, https:\/\/tsv-gerberau.de\/wp-content\/uploads\/2019\/02\/IMG-20190214-WA0011-300x169.jpg 300w, https:\/\/tsv-gerberau.de\/wp-content\/uploads\/2019\/02\/IMG-20190214-WA0011-768x432.jpg 768w, https:\/\/tsv-gerberau.de\/wp-content\/uploads\/2019\/02\/IMG-20190214-WA0011-128x72.jpg 128w, https:\/\/tsv-gerberau.de\/wp-content\/uploads\/2019\/02\/IMG-20190214-WA0011-32x18.jpg 32w, https:\/\/tsv-gerberau.de\/wp-content\/uploads\/2019\/02\/IMG-20190214-WA0011-2x1.jpg 2w, https:\/\/tsv-gerberau.de\/wp-content\/uploads\/2019\/02\/IMG-20190214-WA0011-700x394.jpg 700w, https:\/\/tsv-gerberau.de\/wp-content\/uploads\/2019\/02\/IMG-20190214-WA0011.jpg 1599w\" sizes=\"auto, (max-width: 1024px) 100vw, 1024px\" \/><\/figure>\n<\/figure>\n\n\n\n<hr class=\"wp-block-separator has-css-opacity\"\/>\n","protected":false},"excerpt":{"rendered":"<p>Abteilungsleitung Turnen: Dieter Herrmann Tel. 089\/81885622 Mail:&nbsp;dieter.herrmann2@gmx.de Die \u00dcbungseinheiten finden w\u00f6chentlich in der Grundschule an der Schulstra\u00dfe 8, in 85757 Karlsfeld statt. Gymnastik (Frauen\/M\u00e4nner) Dienstag19:00&nbsp;&#8211;&nbsp;20:00&nbsp;Uhr&nbsp; &#8211; kleine Halle Gymnastik (Frauen) Mittwoch1. Kurs 19:00\u00a0&#8211;\u00a020:00\u00a0Uhr 2. Kurs 20:00 &#8211; 21:00 Uhr&#8211; gro\u00dfe Halle Kontakt: Lyuba de Groot, Tel: 0151\/67327973, Email: degootl753@gmail.comJulia Zimmermann, Email: ammerseejules@googlemail.com<\/p>\n","protected":false},"author":2,"featured_media":0,"parent":136,"menu_order":1,"comment_status":"closed","ping_status":"closed","template":"","meta":{"footnotes":""},"class_list":["post-1312","page","type-page","status-publish","hentry"],"_links":{"self":[{"href":"https:\/\/tsv-gerberau.de\/index.php\/wp-json\/wp\/v2\/pages\/1312","targetHints":{"allow":["GET"]}}],"collection":[{"href":"https:\/\/tsv-gerberau.de\/index.php\/wp-json\/wp\/v2\/pages"}],"about":[{"href":"https:\/\/tsv-gerberau.de\/index.php\/wp-json\/wp\/v2\/types\/page"}],"author":[{"embeddable":true,"href":"https:\/\/tsv-gerberau.de\/index.php\/wp-json\/wp\/v2\/users\/2"}],"replies":[{"embeddable":true,"href":"https:\/\/tsv-gerberau.de\/index.php\/wp-json\/wp\/v2\/comments?post=1312"}],"version-history":[{"count":26,"href":"https:\/\/tsv-gerberau.de\/index.php\/wp-json\/wp\/v2\/pages\/1312\/revisions"}],"predecessor-version":[{"id":2398,"href":"https:\/\/tsv-gerberau.de\/index.php\/wp-json\/wp\/v2\/pages\/1312\/revisions\/2398"}],"up":[{"embeddable":true,"href":"https:\/\/tsv-gerberau.de\/index.php\/wp-json\/wp\/v2\/pages\/136"}],"wp:attachment":[{"href":"https:\/\/tsv-gerberau.de\/index.php\/wp-json\/wp\/v2\/media?parent=1312"}],"curies":[{"name":"wp","href":"https:\/\/api.w.org\/{rel}","templated":true}]}}