{"id":1075,"date":"2018-11-22T13:35:07","date_gmt":"2018-11-22T12:35:07","guid":{"rendered":"https:\/\/tsv-gerberau.de\/?page_id=1075"},"modified":"2019-03-22T13:19:32","modified_gmt":"2019-03-22T12:19:32","slug":"adressen","status":"publish","type":"page","link":"https:\/\/tsv-gerberau.de\/index.php\/kontakt\/adressen\/","title":{"rendered":"Adressen"},"content":{"rendered":"\n<h3 class=\"wp-block-heading\"><strong><span style=\"color: #f2ed52;\">Postanschrift:<\/span><\/strong><\/h3>\n\n\n\n<p>Turn- und Sportverein M\u00fcnchen-Gerberau e.V.<\/p>\n\n\n\n<p>Kiefernweg 20, 85757 Karlsfeld<\/p>\n\n\n\n<p><a href=\"mailto:info@tsv-gerberau.de\">Mail: info@tsv-gerberau.de<\/a><\/p>\n\n\n\n<h3 class=\"wp-block-heading\"><strong><span style=\"color: #f2ed52;\">Fu\u00dfballplatz:<\/span><\/strong><\/h3>\n\n\n\n<p>\n\nVogelloh 6, 80997 M\u00fcnchen\n\n<\/p>\n\n\n\n<figure class=\"wp-block-image is-resized\"><img loading=\"lazy\" decoding=\"async\" src=\"https:\/\/tsv-gerberau.de\/wp-content\/uploads\/2019\/03\/PhotoGrid_1553165990863.jpg\" alt=\"\" class=\"wp-image-1574\" width=\"164\" height=\"133\" srcset=\"https:\/\/tsv-gerberau.de\/wp-content\/uploads\/2019\/03\/PhotoGrid_1553165990863.jpg 888w, https:\/\/tsv-gerberau.de\/wp-content\/uploads\/2019\/03\/PhotoGrid_1553165990863-300x243.jpg 300w, https:\/\/tsv-gerberau.de\/wp-content\/uploads\/2019\/03\/PhotoGrid_1553165990863-768x623.jpg 768w, https:\/\/tsv-gerberau.de\/wp-content\/uploads\/2019\/03\/PhotoGrid_1553165990863-128x104.jpg 128w, https:\/\/tsv-gerberau.de\/wp-content\/uploads\/2019\/03\/PhotoGrid_1553165990863-32x26.jpg 32w, https:\/\/tsv-gerberau.de\/wp-content\/uploads\/2019\/03\/PhotoGrid_1553165990863-1x1.jpg 1w\" sizes=\"auto, (max-width: 164px) 100vw, 164px\" \/><\/figure>\n\n\n\n<h3 class=\"wp-block-heading\"><strong><span style=\"color: #f2ed52;\">Turnhalle:<\/span><\/strong><\/h3>\n\n\n\n<p>Schulstr. 8, 85757 Karlsfeld<\/p>\n","protected":false},"excerpt":{"rendered":"<p>Postanschrift: Turn- und Sportverein M\u00fcnchen-Gerberau e.V. Kiefernweg 20, 85757 Karlsfeld Mail: info@tsv-gerberau.de Fu\u00dfballplatz: Vogelloh 6, 80997 M\u00fcnchen Turnhalle: Schulstr. 8, 85757 Karlsfeld<\/p>\n","protected":false},"author":2,"featured_media":0,"parent":75,"menu_order":2,"comment_status":"closed","ping_status":"closed","template":"","meta":{"footnotes":""},"class_list":["post-1075","page","type-page","status-publish","hentry"],"_links":{"self":[{"href":"https:\/\/tsv-gerberau.de\/index.php\/wp-json\/wp\/v2\/pages\/1075","targetHints":{"allow":["GET"]}}],"collection":[{"href":"https:\/\/tsv-gerberau.de\/index.php\/wp-json\/wp\/v2\/pages"}],"about":[{"href":"https:\/\/tsv-gerberau.de\/index.php\/wp-json\/wp\/v2\/types\/page"}],"author":[{"embeddable":true,"href":"https:\/\/tsv-gerberau.de\/index.php\/wp-json\/wp\/v2\/users\/2"}],"replies":[{"embeddable":true,"href":"https:\/\/tsv-gerberau.de\/index.php\/wp-json\/wp\/v2\/comments?post=1075"}],"version-history":[{"count":7,"href":"https:\/\/tsv-gerberau.de\/index.php\/wp-json\/wp\/v2\/pages\/1075\/revisions"}],"predecessor-version":[{"id":1575,"href":"https:\/\/tsv-gerberau.de\/index.php\/wp-json\/wp\/v2\/pages\/1075\/revisions\/1575"}],"up":[{"embeddable":true,"href":"https:\/\/tsv-gerberau.de\/index.php\/wp-json\/wp\/v2\/pages\/75"}],"wp:attachment":[{"href":"https:\/\/tsv-gerberau.de\/index.php\/wp-json\/wp\/v2\/media?parent=1075"}],"curies":[{"name":"wp","href":"https:\/\/api.w.org\/{rel}","templated":true}]}}