{"id":105,"date":"2018-04-12T12:58:29","date_gmt":"2018-04-12T11:58:29","guid":{"rendered":"https:\/\/tsv-gerberau.de\/?page_id=105"},"modified":"2024-01-28T12:55:26","modified_gmt":"2024-01-28T10:55:26","slug":"mitglied-werden","status":"publish","type":"page","link":"https:\/\/tsv-gerberau.de\/index.php\/unser-verein\/mitglied-werden\/","title":{"rendered":"Mitglied werden"},"content":{"rendered":"\n<h3 class=\"wp-block-heading\"><span style=\"color: #f2ed52;\"><strong>Der TSV M\u00fcnchen-Gerberau hei\u00dft jedes neue <\/strong><\/span><\/h3>\n\n\n\n<h3 class=\"wp-block-heading\"><strong><span style=\"color: #f2ed52;\">Mitglied herzlich willkommen.<\/span><br>\n<\/strong><\/h3>\n\n\n\n<h4 class=\"wp-block-heading\"><strong>Beitrittserkl\u00e4rung<\/strong><\/h4>\n\n\n\n<p><a href=\"http:\/\/tsv-gerberau.de\/wp-content\/uploads\/2024\/01\/240101_Beitrittserklaerung_TSV_Gerberau_SEPA_ab_2024.pdf\" target=\"_blank\" rel=\"noreferrer noopener\">Beitrittserkl\u00e4rung als PDF herunterladen<\/a><\/p>\n\n\n\n<h4 class=\"wp-block-heading\"><strong>Einverst\u00e4ndniserkl\u00e4rung zur Ver\u00f6ffentlichung von Fotos Minderj\u00e4hriger<\/strong><\/h4>\n\n\n\n<p><a href=\"https:\/\/tsv-gerberau.de\/wp-content\/uploads\/2019\/07\/Einverst\u00e4ndniserkl\u00e4rung-Foto.pdf\">Einverst\u00e4ndniserkl\u00e4rung als PDF herunterladen<\/a><\/p>\n","protected":false},"excerpt":{"rendered":"<p>Der TSV M\u00fcnchen-Gerberau hei\u00dft jedes neue Mitglied herzlich willkommen. Beitrittserkl\u00e4rung Beitrittserkl\u00e4rung als PDF herunterladen Einverst\u00e4ndniserkl\u00e4rung zur Ver\u00f6ffentlichung von Fotos Minderj\u00e4hriger Einverst\u00e4ndniserkl\u00e4rung als PDF herunterladen<\/p>\n","protected":false},"author":2,"featured_media":0,"parent":86,"menu_order":6,"comment_status":"closed","ping_status":"closed","template":"","meta":{"footnotes":""},"class_list":["post-105","page","type-page","status-publish","hentry"],"_links":{"self":[{"href":"https:\/\/tsv-gerberau.de\/index.php\/wp-json\/wp\/v2\/pages\/105","targetHints":{"allow":["GET"]}}],"collection":[{"href":"https:\/\/tsv-gerberau.de\/index.php\/wp-json\/wp\/v2\/pages"}],"about":[{"href":"https:\/\/tsv-gerberau.de\/index.php\/wp-json\/wp\/v2\/types\/page"}],"author":[{"embeddable":true,"href":"https:\/\/tsv-gerberau.de\/index.php\/wp-json\/wp\/v2\/users\/2"}],"replies":[{"embeddable":true,"href":"https:\/\/tsv-gerberau.de\/index.php\/wp-json\/wp\/v2\/comments?post=105"}],"version-history":[{"count":16,"href":"https:\/\/tsv-gerberau.de\/index.php\/wp-json\/wp\/v2\/pages\/105\/revisions"}],"predecessor-version":[{"id":2317,"href":"https:\/\/tsv-gerberau.de\/index.php\/wp-json\/wp\/v2\/pages\/105\/revisions\/2317"}],"up":[{"embeddable":true,"href":"https:\/\/tsv-gerberau.de\/index.php\/wp-json\/wp\/v2\/pages\/86"}],"wp:attachment":[{"href":"https:\/\/tsv-gerberau.de\/index.php\/wp-json\/wp\/v2\/media?parent=105"}],"curies":[{"name":"wp","href":"https:\/\/api.w.org\/{rel}","templated":true}]}}